{"id":2,"date":"2023-09-18T15:16:15","date_gmt":"2023-09-18T13:16:15","guid":{"rendered":"http:\/\/dhatelier.com\/?page_id=2"},"modified":"2024-08-05T16:29:45","modified_gmt":"2024-08-05T14:29:45","slug":"page-d-exemple","status":"publish","type":"page","link":"https:\/\/dhatelier.com\/index.php\/page-d-exemple\/","title":{"rendered":"Qui sommes nous ?"},"content":{"rendered":"\t\t<div data-elementor-type=\"wp-page\" data-elementor-id=\"2\" class=\"elementor elementor-2\">\n\t\t\t\t\t\t\t<div class=\"elementor-element elementor-element-90c7b4a e-flex e-con-boxed e-con e-parent\" data-id=\"90c7b4a\" data-element_type=\"container\" data-settings=\"{&quot;background_background&quot;:&quot;classic&quot;,&quot;content_width&quot;:&quot;boxed&quot;}\" data-core-v316-plus=\"true\">\n\t\t\t\t\t<div class=\"e-con-inner\">\n\t\t\t\t<div class=\"elementor-element elementor-element-06637af elementor-widget elementor-widget-heading\" data-id=\"06637af\" data-element_type=\"widget\" data-widget_type=\"heading.default\">\n\t\t\t\t<div class=\"elementor-widget-container\">\n\t\t\t<style>\/*! elementor - v3.16.0 - 14-09-2023 *\/\n.elementor-heading-title{padding:0;margin:0;line-height:1}.elementor-widget-heading .elementor-heading-title[class*=elementor-size-]>a{color:inherit;font-size:inherit;line-height:inherit}.elementor-widget-heading .elementor-heading-title.elementor-size-small{font-size:15px}.elementor-widget-heading .elementor-heading-title.elementor-size-medium{font-size:19px}.elementor-widget-heading .elementor-heading-title.elementor-size-large{font-size:29px}.elementor-widget-heading .elementor-heading-title.elementor-size-xl{font-size:39px}.elementor-widget-heading .elementor-heading-title.elementor-size-xxl{font-size:59px}<\/style><h2 class=\"elementor-heading-title elementor-size-default\">QUI SOMMES NOUS ?<\/h2>\t\t<\/div>\n\t\t\t\t<\/div>\n\t\t\t\t\t<\/div>\n\t\t\t\t<\/div>\n\t\t<div class=\"elementor-element elementor-element-c233ec8 e-flex e-con-boxed e-con e-parent\" data-id=\"c233ec8\" data-element_type=\"container\" data-settings=\"{&quot;background_background&quot;:&quot;classic&quot;,&quot;content_width&quot;:&quot;boxed&quot;}\" data-core-v316-plus=\"true\">\n\t\t\t\t\t<div class=\"e-con-inner\">\n\t\t<div class=\"elementor-element elementor-element-aaa3597 e-con-full e-flex e-con e-child\" data-id=\"aaa3597\" data-element_type=\"container\" data-settings=\"{&quot;content_width&quot;:&quot;full&quot;}\">\n\t\t\t\t<div class=\"elementor-element elementor-element-ec1fb9e elementor-widget elementor-widget-image\" data-id=\"ec1fb9e\" data-element_type=\"widget\" data-widget_type=\"image.default\">\n\t\t\t\t<div class=\"elementor-widget-container\">\n\t\t\t<style>\/*! elementor - v3.16.0 - 14-09-2023 *\/\n.elementor-widget-image{text-align:center}.elementor-widget-image a{display:inline-block}.elementor-widget-image a img[src$=\".svg\"]{width:48px}.elementor-widget-image img{vertical-align:middle;display:inline-block}<\/style>\t\t\t\t\t\t\t\t\t\t\t\t<img loading=\"lazy\" decoding=\"async\" width=\"640\" height=\"481\" src=\"https:\/\/dhatelier.com\/wp-content\/uploads\/2023\/09\/thumbnail_IMG_9855.jpg\" class=\"attachment-large size-large wp-image-731\" alt=\"\" srcset=\"https:\/\/dhatelier.com\/wp-content\/uploads\/2023\/09\/thumbnail_IMG_9855.jpg 640w, https:\/\/dhatelier.com\/wp-content\/uploads\/2023\/09\/thumbnail_IMG_9855-300x225.jpg 300w\" sizes=\"(max-width: 640px) 100vw, 640px\" \/>\t\t\t\t\t\t\t\t\t\t\t\t\t\t\t<\/div>\n\t\t\t\t<\/div>\n\t\t\t\t<\/div>\n\t\t<div class=\"elementor-element elementor-element-2a4a26e e-con-full e-flex e-con e-child\" data-id=\"2a4a26e\" data-element_type=\"container\" data-settings=\"{&quot;content_width&quot;:&quot;full&quot;}\">\n\t\t\t\t<div class=\"elementor-element elementor-element-197a0da elementor-widget elementor-widget-text-editor\" data-id=\"197a0da\" data-element_type=\"widget\" data-widget_type=\"text-editor.default\">\n\t\t\t\t<div class=\"elementor-widget-container\">\n\t\t\t<style>\/*! elementor - v3.16.0 - 14-09-2023 *\/\n.elementor-widget-text-editor.elementor-drop-cap-view-stacked .elementor-drop-cap{background-color:#69727d;color:#fff}.elementor-widget-text-editor.elementor-drop-cap-view-framed .elementor-drop-cap{color:#69727d;border:3px solid;background-color:transparent}.elementor-widget-text-editor:not(.elementor-drop-cap-view-default) .elementor-drop-cap{margin-top:8px}.elementor-widget-text-editor:not(.elementor-drop-cap-view-default) .elementor-drop-cap-letter{width:1em;height:1em}.elementor-widget-text-editor .elementor-drop-cap{float:left;text-align:center;line-height:1;font-size:50px}.elementor-widget-text-editor .elementor-drop-cap-letter{display:inline-block}<\/style>\t\t\t\t<p><strong>D&amp;H Atelier,<\/strong><\/p><p>C&#8217;est une entreprise sp\u00e9cialis\u00e9 en<strong> Carrosserie<\/strong>, <strong>peinture<\/strong> et<strong> caravaning<\/strong>.<\/p><p>La signification du &#8220;<strong>D&amp;H Atelier<\/strong>&#8221; c&#8217;est la premi\u00e8re lettre du nom de famille des deux dirigeants. Mr Deniau <strong>Fr\u00e9d\u00e9ric<\/strong> &amp; Mr Hourdeau <strong>Damien<\/strong> se sont associ\u00e9s et l&#8217;entreprise \u00e0 vue le jour! Avant toutes choses c&#8217;est une belle amiti\u00e9 qui est n\u00e9 gr\u00e2ce une passion commune pour les voitures anciennes il y a plus 10 ans.<\/p><p>Damien est <strong>Carrossier\u00a0 peintre<\/strong> depuis plus de 15 ans, et Fr\u00e9d\u00e9ric s&#8217;occupe de la partie <strong>caravaning<\/strong> qu&#8217;il \u00e0 exerc\u00e9 pendant 8 ans.<\/p><p><strong>D&amp;H Atelier<\/strong> est situ\u00e9 dans la Sarthe plus exactement \u00e0 Pr\u00e9cign\u00e9 dans le 72.<\/p>\t\t\t\t\t\t<\/div>\n\t\t\t\t<\/div>\n\t\t\t\t<\/div>\n\t\t\t\t\t<\/div>\n\t\t\t\t<\/div>\n\t\t<div class=\"elementor-element elementor-element-155d333 e-flex e-con-boxed e-con e-parent\" data-id=\"155d333\" data-element_type=\"container\" data-settings=\"{&quot;content_width&quot;:&quot;boxed&quot;}\" data-core-v316-plus=\"true\">\n\t\t\t\t\t<div class=\"e-con-inner\">\n\t\t<div class=\"elementor-element elementor-element-59b0bcb e-con-full e-flex elementor-invisible e-con e-child\" data-id=\"59b0bcb\" data-element_type=\"container\" data-settings=\"{&quot;content_width&quot;:&quot;full&quot;,&quot;background_background&quot;:&quot;classic&quot;,&quot;animation&quot;:&quot;fadeInLeft&quot;}\">\n\t\t\t\t<div class=\"elementor-element elementor-element-713037b elementor-view-default elementor-widget elementor-widget-icon\" data-id=\"713037b\" data-element_type=\"widget\" data-widget_type=\"icon.default\">\n\t\t\t\t<div class=\"elementor-widget-container\">\n\t\t\t\t\t<div class=\"elementor-icon-wrapper\">\n\t\t\t<div class=\"elementor-icon\">\n\t\t\t<i aria-hidden=\"true\" class=\"fas fa-phone-alt\"><\/i>\t\t\t<\/div>\n\t\t<\/div>\n\t\t\t\t<\/div>\n\t\t\t\t<\/div>\n\t\t\t\t<\/div>\n\t\t<div class=\"elementor-element elementor-element-7a57a60 e-con-full e-flex elementor-invisible e-con e-child\" data-id=\"7a57a60\" data-element_type=\"container\" data-settings=\"{&quot;content_width&quot;:&quot;full&quot;,&quot;background_background&quot;:&quot;classic&quot;,&quot;animation&quot;:&quot;fadeInRight&quot;}\">\n\t\t\t\t<div class=\"elementor-element elementor-element-db65a2c elementor-widget elementor-widget-text-editor\" data-id=\"db65a2c\" data-element_type=\"widget\" data-widget_type=\"text-editor.default\">\n\t\t\t\t<div class=\"elementor-widget-container\">\n\t\t\t\t\t\t\t<h2>\u00a0<\/h2><h2>Nous sommes joignable au:<\/h2><h2>06.24.30.59.54<\/h2><h2>\u00a0<\/h2>\t\t\t\t\t\t<\/div>\n\t\t\t\t<\/div>\n\t\t\t\t<\/div>\n\t\t\t\t\t<\/div>\n\t\t\t\t<\/div>\n\t\t<div class=\"elementor-element elementor-element-c1d5ec2 e-flex e-con-boxed e-con e-parent\" data-id=\"c1d5ec2\" data-element_type=\"container\" data-settings=\"{&quot;content_width&quot;:&quot;boxed&quot;}\" data-core-v316-plus=\"true\">\n\t\t\t\t\t<div class=\"e-con-inner\">\n\t\t<div class=\"elementor-element elementor-element-b5138ce e-con-full e-flex elementor-invisible e-con e-child\" data-id=\"b5138ce\" data-element_type=\"container\" data-settings=\"{&quot;content_width&quot;:&quot;full&quot;,&quot;background_background&quot;:&quot;classic&quot;,&quot;animation&quot;:&quot;fadeInLeft&quot;,&quot;animation_delay&quot;:300}\">\n\t\t\t\t<div class=\"elementor-element elementor-element-d882db9 elementor-view-default elementor-widget elementor-widget-icon\" data-id=\"d882db9\" data-element_type=\"widget\" data-widget_type=\"icon.default\">\n\t\t\t\t<div class=\"elementor-widget-container\">\n\t\t\t\t\t<div class=\"elementor-icon-wrapper\">\n\t\t\t<a class=\"elementor-icon\" href=\"https:\/\/www.facebook.com\/profile.php?id=61551015583932&#038;locale=fr_FR\">\n\t\t\t<i aria-hidden=\"true\" class=\"fab fa-facebook-square\"><\/i>\t\t\t<\/a>\n\t\t<\/div>\n\t\t\t\t<\/div>\n\t\t\t\t<\/div>\n\t\t\t\t<\/div>\n\t\t<div class=\"elementor-element elementor-element-9e1036b e-con-full e-flex elementor-invisible e-con e-child\" data-id=\"9e1036b\" data-element_type=\"container\" data-settings=\"{&quot;content_width&quot;:&quot;full&quot;,&quot;background_background&quot;:&quot;classic&quot;,&quot;animation&quot;:&quot;fadeInRight&quot;,&quot;animation_delay&quot;:300}\">\n\t\t\t\t<div class=\"elementor-element elementor-element-7b0884e elementor-widget elementor-widget-text-editor\" data-id=\"7b0884e\" data-element_type=\"widget\" data-widget_type=\"text-editor.default\">\n\t\t\t\t<div class=\"elementor-widget-container\">\n\t\t\t\t\t\t\t<h2>\u00a0<\/h2><h2>Suivez nous sur notre page facebook:<\/h2><h2>D&amp;H Atelier !<\/h2><h2>\u00a0<\/h2>\t\t\t\t\t\t<\/div>\n\t\t\t\t<\/div>\n\t\t\t\t<\/div>\n\t\t\t\t\t<\/div>\n\t\t\t\t<\/div>\n\t\t<div class=\"elementor-element elementor-element-cf9643d e-flex e-con-boxed e-con e-parent\" data-id=\"cf9643d\" data-element_type=\"container\" data-settings=\"{&quot;content_width&quot;:&quot;boxed&quot;}\" data-core-v316-plus=\"true\">\n\t\t\t\t\t<div class=\"e-con-inner\">\n\t\t<div class=\"elementor-element elementor-element-32315c2 e-con-full e-flex elementor-invisible e-con e-child\" data-id=\"32315c2\" data-element_type=\"container\" data-settings=\"{&quot;content_width&quot;:&quot;full&quot;,&quot;background_background&quot;:&quot;classic&quot;,&quot;animation&quot;:&quot;fadeInLeft&quot;,&quot;animation_delay&quot;:600}\">\n\t\t\t\t<div class=\"elementor-element elementor-element-6b85865 elementor-view-default elementor-widget elementor-widget-icon\" data-id=\"6b85865\" data-element_type=\"widget\" data-widget_type=\"icon.default\">\n\t\t\t\t<div class=\"elementor-widget-container\">\n\t\t\t\t\t<div class=\"elementor-icon-wrapper\">\n\t\t\t<a class=\"elementor-icon\" href=\"https:\/\/www.google.com\/search?client=firefox-b-d&#038;q=d%26h+atelier#ip=1&#038;rlimm=15427994332806742155\">\n\t\t\t<i aria-hidden=\"true\" class=\"fas fa-home\"><\/i>\t\t\t<\/a>\n\t\t<\/div>\n\t\t\t\t<\/div>\n\t\t\t\t<\/div>\n\t\t\t\t<\/div>\n\t\t<div class=\"elementor-element elementor-element-5326e01 e-con-full e-flex elementor-invisible e-con e-child\" data-id=\"5326e01\" data-element_type=\"container\" data-settings=\"{&quot;content_width&quot;:&quot;full&quot;,&quot;background_background&quot;:&quot;classic&quot;,&quot;animation&quot;:&quot;fadeInRight&quot;,&quot;animation_delay&quot;:600}\">\n\t\t\t\t<div class=\"elementor-element elementor-element-84a6e1a elementor-widget elementor-widget-text-editor\" data-id=\"84a6e1a\" data-element_type=\"widget\" data-widget_type=\"text-editor.default\">\n\t\t\t\t<div class=\"elementor-widget-container\">\n\t\t\t\t\t\t\t<h2>\u00a0<\/h2><h2>D&amp;H Atelier<\/h2><h2>ZA La Vairie<\/h2><h2>72300 Pr\u00e9cign\u00e9<\/h2><p>\u00a0<\/p>\t\t\t\t\t\t<\/div>\n\t\t\t\t<\/div>\n\t\t\t\t<\/div>\n\t\t\t\t\t<\/div>\n\t\t\t\t<\/div>\n\t\t<div class=\"elementor-element elementor-element-be5ca6d e-con-full e-flex e-con e-parent\" data-id=\"be5ca6d\" data-element_type=\"container\" data-settings=\"{&quot;content_width&quot;:&quot;full&quot;,&quot;background_background&quot;:&quot;classic&quot;}\" data-core-v316-plus=\"true\">\n\t\t<div class=\"elementor-element elementor-element-d8ed8d0 e-flex e-con-boxed e-con e-child\" data-id=\"d8ed8d0\" data-element_type=\"container\" data-settings=\"{&quot;background_background&quot;:&quot;classic&quot;,&quot;content_width&quot;:&quot;boxed&quot;}\">\n\t\t\t\t\t<div class=\"e-con-inner\">\n\t\t\t\t<div class=\"elementor-element elementor-element-66a282d elementor-widget elementor-widget-image\" data-id=\"66a282d\" data-element_type=\"widget\" data-widget_type=\"image.default\">\n\t\t\t\t<div class=\"elementor-widget-container\">\n\t\t\t\t\t\t\t\t\t\t\t\t\t\t\t<img loading=\"lazy\" decoding=\"async\" width=\"750\" height=\"774\" src=\"https:\/\/dhatelier.com\/wp-content\/uploads\/2023\/09\/cropped-logo-detoure-pas-ouf.png\" class=\"attachment-large size-large wp-image-63\" alt=\"\" srcset=\"https:\/\/dhatelier.com\/wp-content\/uploads\/2023\/09\/cropped-logo-detoure-pas-ouf.png 750w, https:\/\/dhatelier.com\/wp-content\/uploads\/2023\/09\/cropped-logo-detoure-pas-ouf-291x300.png 291w\" sizes=\"(max-width: 750px) 100vw, 750px\" \/>\t\t\t\t\t\t\t\t\t\t\t\t\t\t\t<\/div>\n\t\t\t\t<\/div>\n\t\t\t\t\t<\/div>\n\t\t\t\t<\/div>\n\t\t\t\t<\/div>\n\t\t<div class=\"elementor-element elementor-element-d1dda94 e-flex e-con-boxed e-con e-parent\" data-id=\"d1dda94\" data-element_type=\"container\" data-settings=\"{&quot;background_background&quot;:&quot;classic&quot;,&quot;content_width&quot;:&quot;boxed&quot;}\" data-core-v316-plus=\"true\">\n\t\t\t\t\t<div class=\"e-con-inner\">\n\t\t<div class=\"elementor-element elementor-element-a7e4056 e-con-full e-flex e-con e-child\" data-id=\"a7e4056\" data-element_type=\"container\" data-settings=\"{&quot;content_width&quot;:&quot;full&quot;}\">\n\t\t\t\t<div class=\"elementor-element elementor-element-08e4445 elementor-widget elementor-widget-google_maps\" data-id=\"08e4445\" data-element_type=\"widget\" data-widget_type=\"google_maps.default\">\n\t\t\t\t<div class=\"elementor-widget-container\">\n\t\t\t<style>\/*! elementor - v3.16.0 - 14-09-2023 *\/\n.elementor-widget-google_maps .elementor-widget-container{overflow:hidden}.elementor-widget-google_maps .elementor-custom-embed{line-height:0}.elementor-widget-google_maps iframe{height:300px}<\/style>\t\t<div class=\"elementor-custom-embed\">\n\t\t\t<iframe loading=\"lazy\"\n\t\t\t\t\tsrc=\"https:\/\/maps.google.com\/maps?q=D%26H%20Atelier%20za%20la%20vairie%2072300%20pr%C3%A9cigng%C3%A9&#038;t=m&#038;z=10&#038;output=embed&#038;iwloc=near\"\n\t\t\t\t\ttitle=\"D&amp;H Atelier za la vairie 72300 pr\u00e9cigng\u00e9\"\n\t\t\t\t\taria-label=\"D&amp;H Atelier za la vairie 72300 pr\u00e9cigng\u00e9\"\n\t\t\t><\/iframe>\n\t\t<\/div>\n\t\t\t\t<\/div>\n\t\t\t\t<\/div>\n\t\t\t\t<\/div>\n\t\t\t\t\t<\/div>\n\t\t\t\t<\/div>\n\t\t\t\t\t\t\t<\/div>\n\t\t","protected":false},"excerpt":{"rendered":"<p>QUI SOMMES NOUS ? D&amp;H Atelier, C&#8217;est une entreprise sp\u00e9cialis\u00e9 en Carrosserie, peinture et caravaning. La signification du &#8220;D&amp;H Atelier&#8221; c&#8217;est la premi\u00e8re lettre du nom de famille des deux dirigeants. Mr Deniau Fr\u00e9d\u00e9ric &amp; Mr Hourdeau Damien se sont associ\u00e9s et l&#8217;entreprise \u00e0 vue le jour! Avant toutes choses c&#8217;est une belle amiti\u00e9 qui [&hellip;]<\/p>\n","protected":false},"author":1,"featured_media":63,"parent":0,"menu_order":0,"comment_status":"closed","ping_status":"open","template":"","meta":{"_regular_price":[],"currency_symbol":[],"footnotes":""},"class_list":["post-2","page","type-page","status-publish","has-post-thumbnail","hentry","entry","has-media"],"post_slider_layout_featured_media_urls":{"thumbnail":["https:\/\/dhatelier.com\/wp-content\/uploads\/2023\/09\/cropped-logo-detoure-pas-ouf-150x150.png",150,150,true],"post_slider_layout_landscape_large":["https:\/\/dhatelier.com\/wp-content\/uploads\/2023\/09\/cropped-logo-detoure-pas-ouf.png",750,774,false],"post_slider_layout_portrait_large":["https:\/\/dhatelier.com\/wp-content\/uploads\/2023\/09\/cropped-logo-detoure-pas-ouf.png",750,774,false],"post_slider_layout_square_large":["https:\/\/dhatelier.com\/wp-content\/uploads\/2023\/09\/cropped-logo-detoure-pas-ouf.png",750,774,false],"post_slider_layout_landscape":["https:\/\/dhatelier.com\/wp-content\/uploads\/2023\/09\/cropped-logo-detoure-pas-ouf-600x400.png",600,400,true],"post_slider_layout_portrait":["https:\/\/dhatelier.com\/wp-content\/uploads\/2023\/09\/cropped-logo-detoure-pas-ouf-600x774.png",600,774,true],"post_slider_layout_square":["https:\/\/dhatelier.com\/wp-content\/uploads\/2023\/09\/cropped-logo-detoure-pas-ouf-600x600.png",600,600,true],"full":["https:\/\/dhatelier.com\/wp-content\/uploads\/2023\/09\/cropped-logo-detoure-pas-ouf.png",750,774,false]},"yoast_head":"<!-- This site is optimized with the Yoast SEO plugin v21.2 - https:\/\/yoast.com\/wordpress\/plugins\/seo\/ -->\n<title>Qui sommes nous ? - Carrosserie - Peinture - Caravaning<\/title>\n<meta name=\"description\" content=\"D&amp;H Atelier carrosserie peinture caravaning dans le 72 \u00e0 Pr\u00e9cign\u00e9. Qui sommes nous? Une petite entreprise avec deux passionn\u00e9s.\" \/>\n<meta name=\"robots\" content=\"noindex, follow, max-snippet:-1, max-image-preview:large, max-video-preview:-1\" \/>\n<meta property=\"og:locale\" content=\"fr_FR\" \/>\n<meta property=\"og:type\" content=\"article\" \/>\n<meta property=\"og:title\" content=\"Qui sommes nous ? - Carrosserie - Peinture - Caravaning\" \/>\n<meta property=\"og:description\" content=\"D&amp;H Atelier carrosserie peinture caravaning dans le 72 \u00e0 Pr\u00e9cign\u00e9. Qui sommes nous? Une petite entreprise avec deux passionn\u00e9s.\" \/>\n<meta property=\"og:url\" content=\"https:\/\/dhatelier.com\/index.php\/page-d-exemple\/\" \/>\n<meta property=\"og:site_name\" content=\"Carrosserie - Peinture - Caravaning\" \/>\n<meta property=\"article:modified_time\" content=\"2024-08-05T14:29:45+00:00\" \/>\n<meta property=\"og:image\" content=\"https:\/\/dhatelier.com\/wp-content\/uploads\/2023\/09\/cropped-logo-detoure-pas-ouf.png\" \/>\n\t<meta property=\"og:image:width\" content=\"750\" \/>\n\t<meta property=\"og:image:height\" content=\"774\" \/>\n\t<meta property=\"og:image:type\" content=\"image\/png\" \/>\n<meta name=\"twitter:card\" content=\"summary_large_image\" \/>\n<meta name=\"twitter:label1\" content=\"Dur\u00e9e de lecture estim\u00e9e\" \/>\n\t<meta name=\"twitter:data1\" content=\"2 minutes\" \/>\n<script type=\"application\/ld+json\" class=\"yoast-schema-graph\">{\"@context\":\"https:\/\/schema.org\",\"@graph\":[{\"@type\":\"WebPage\",\"@id\":\"https:\/\/dhatelier.com\/index.php\/page-d-exemple\/\",\"url\":\"https:\/\/dhatelier.com\/index.php\/page-d-exemple\/\",\"name\":\"Qui sommes nous ? - Carrosserie - Peinture - Caravaning\",\"isPartOf\":{\"@id\":\"https:\/\/dhatelier.com\/#website\"},\"datePublished\":\"2023-09-18T13:16:15+00:00\",\"dateModified\":\"2024-08-05T14:29:45+00:00\",\"description\":\"D&H Atelier carrosserie peinture caravaning dans le 72 \u00e0 Pr\u00e9cign\u00e9. Qui sommes nous? Une petite entreprise avec deux passionn\u00e9s.\",\"breadcrumb\":{\"@id\":\"https:\/\/dhatelier.com\/index.php\/page-d-exemple\/#breadcrumb\"},\"inLanguage\":\"fr-FR\",\"potentialAction\":[{\"@type\":\"ReadAction\",\"target\":[\"https:\/\/dhatelier.com\/index.php\/page-d-exemple\/\"]}]},{\"@type\":\"BreadcrumbList\",\"@id\":\"https:\/\/dhatelier.com\/index.php\/page-d-exemple\/#breadcrumb\",\"itemListElement\":[{\"@type\":\"ListItem\",\"position\":1,\"name\":\"Accueil\",\"item\":\"https:\/\/dhatelier.com\/\"},{\"@type\":\"ListItem\",\"position\":2,\"name\":\"Qui sommes nous ?\"}]},{\"@type\":\"WebSite\",\"@id\":\"https:\/\/dhatelier.com\/#website\",\"url\":\"https:\/\/dhatelier.com\/\",\"name\":\"Carrosserie - Peinture - Caravaning\",\"description\":\"\",\"publisher\":{\"@id\":\"https:\/\/dhatelier.com\/#organization\"},\"potentialAction\":[{\"@type\":\"SearchAction\",\"target\":{\"@type\":\"EntryPoint\",\"urlTemplate\":\"https:\/\/dhatelier.com\/?s={search_term_string}\"},\"query-input\":\"required name=search_term_string\"}],\"inLanguage\":\"fr-FR\"},{\"@type\":\"Organization\",\"@id\":\"https:\/\/dhatelier.com\/#organization\",\"name\":\"Carrosserie - Peinture - Caravaning\",\"url\":\"https:\/\/dhatelier.com\/\",\"logo\":{\"@type\":\"ImageObject\",\"inLanguage\":\"fr-FR\",\"@id\":\"https:\/\/dhatelier.com\/#\/schema\/logo\/image\/\",\"url\":\"https:\/\/dhatelier.com\/wp-content\/uploads\/2023\/09\/cropped-logo-detoure-pas-ouf.png\",\"contentUrl\":\"https:\/\/dhatelier.com\/wp-content\/uploads\/2023\/09\/cropped-logo-detoure-pas-ouf.png\",\"width\":750,\"height\":774,\"caption\":\"Carrosserie - Peinture - Caravaning\"},\"image\":{\"@id\":\"https:\/\/dhatelier.com\/#\/schema\/logo\/image\/\"}}]}<\/script>\n<!-- \/ Yoast SEO plugin. -->","yoast_head_json":{"title":"Qui sommes nous ? - Carrosserie - Peinture - Caravaning","description":"D&H Atelier carrosserie peinture caravaning dans le 72 \u00e0 Pr\u00e9cign\u00e9. Qui sommes nous? Une petite entreprise avec deux passionn\u00e9s.","robots":{"index":"noindex","follow":"follow","max-snippet":"max-snippet:-1","max-image-preview":"max-image-preview:large","max-video-preview":"max-video-preview:-1"},"og_locale":"fr_FR","og_type":"article","og_title":"Qui sommes nous ? - Carrosserie - Peinture - Caravaning","og_description":"D&H Atelier carrosserie peinture caravaning dans le 72 \u00e0 Pr\u00e9cign\u00e9. Qui sommes nous? Une petite entreprise avec deux passionn\u00e9s.","og_url":"https:\/\/dhatelier.com\/index.php\/page-d-exemple\/","og_site_name":"Carrosserie - Peinture - Caravaning","article_modified_time":"2024-08-05T14:29:45+00:00","og_image":[{"width":750,"height":774,"url":"https:\/\/dhatelier.com\/wp-content\/uploads\/2023\/09\/cropped-logo-detoure-pas-ouf.png","type":"image\/png"}],"twitter_card":"summary_large_image","twitter_misc":{"Dur\u00e9e de lecture estim\u00e9e":"2 minutes"},"schema":{"@context":"https:\/\/schema.org","@graph":[{"@type":"WebPage","@id":"https:\/\/dhatelier.com\/index.php\/page-d-exemple\/","url":"https:\/\/dhatelier.com\/index.php\/page-d-exemple\/","name":"Qui sommes nous ? - Carrosserie - Peinture - Caravaning","isPartOf":{"@id":"https:\/\/dhatelier.com\/#website"},"datePublished":"2023-09-18T13:16:15+00:00","dateModified":"2024-08-05T14:29:45+00:00","description":"D&H Atelier carrosserie peinture caravaning dans le 72 \u00e0 Pr\u00e9cign\u00e9. Qui sommes nous? Une petite entreprise avec deux passionn\u00e9s.","breadcrumb":{"@id":"https:\/\/dhatelier.com\/index.php\/page-d-exemple\/#breadcrumb"},"inLanguage":"fr-FR","potentialAction":[{"@type":"ReadAction","target":["https:\/\/dhatelier.com\/index.php\/page-d-exemple\/"]}]},{"@type":"BreadcrumbList","@id":"https:\/\/dhatelier.com\/index.php\/page-d-exemple\/#breadcrumb","itemListElement":[{"@type":"ListItem","position":1,"name":"Accueil","item":"https:\/\/dhatelier.com\/"},{"@type":"ListItem","position":2,"name":"Qui sommes nous ?"}]},{"@type":"WebSite","@id":"https:\/\/dhatelier.com\/#website","url":"https:\/\/dhatelier.com\/","name":"Carrosserie - Peinture - Caravaning","description":"","publisher":{"@id":"https:\/\/dhatelier.com\/#organization"},"potentialAction":[{"@type":"SearchAction","target":{"@type":"EntryPoint","urlTemplate":"https:\/\/dhatelier.com\/?s={search_term_string}"},"query-input":"required name=search_term_string"}],"inLanguage":"fr-FR"},{"@type":"Organization","@id":"https:\/\/dhatelier.com\/#organization","name":"Carrosserie - Peinture - Caravaning","url":"https:\/\/dhatelier.com\/","logo":{"@type":"ImageObject","inLanguage":"fr-FR","@id":"https:\/\/dhatelier.com\/#\/schema\/logo\/image\/","url":"https:\/\/dhatelier.com\/wp-content\/uploads\/2023\/09\/cropped-logo-detoure-pas-ouf.png","contentUrl":"https:\/\/dhatelier.com\/wp-content\/uploads\/2023\/09\/cropped-logo-detoure-pas-ouf.png","width":750,"height":774,"caption":"Carrosserie - Peinture - Caravaning"},"image":{"@id":"https:\/\/dhatelier.com\/#\/schema\/logo\/image\/"}}]}},"_links":{"self":[{"href":"https:\/\/dhatelier.com\/index.php\/wp-json\/wp\/v2\/pages\/2"}],"collection":[{"href":"https:\/\/dhatelier.com\/index.php\/wp-json\/wp\/v2\/pages"}],"about":[{"href":"https:\/\/dhatelier.com\/index.php\/wp-json\/wp\/v2\/types\/page"}],"author":[{"embeddable":true,"href":"https:\/\/dhatelier.com\/index.php\/wp-json\/wp\/v2\/users\/1"}],"replies":[{"embeddable":true,"href":"https:\/\/dhatelier.com\/index.php\/wp-json\/wp\/v2\/comments?post=2"}],"version-history":[{"count":181,"href":"https:\/\/dhatelier.com\/index.php\/wp-json\/wp\/v2\/pages\/2\/revisions"}],"predecessor-version":[{"id":988,"href":"https:\/\/dhatelier.com\/index.php\/wp-json\/wp\/v2\/pages\/2\/revisions\/988"}],"wp:featuredmedia":[{"embeddable":true,"href":"https:\/\/dhatelier.com\/index.php\/wp-json\/wp\/v2\/media\/63"}],"wp:attachment":[{"href":"https:\/\/dhatelier.com\/index.php\/wp-json\/wp\/v2\/media?parent=2"}],"curies":[{"name":"wp","href":"https:\/\/api.w.org\/{rel}","templated":true}]}}